{"id":4889,"date":"2021-04-21T08:42:48","date_gmt":"2021-04-21T06:42:48","guid":{"rendered":"https:\/\/www.crec.cat\/aviso-legal\/"},"modified":"2025-05-07T11:15:46","modified_gmt":"2025-05-07T09:15:46","slug":"aviso-legal","status":"publish","type":"page","link":"https:\/\/www.crec.cat\/es\/aviso-legal\/","title":{"rendered":"Aviso legal"},"content":{"rendered":"\t\t<div data-elementor-type=\"wp-page\" data-elementor-id=\"4889\" class=\"elementor elementor-4889 elementor-56\" data-elementor-post-type=\"page\">\n\t\t\t\t<div data-particle_enable=\"false\" data-particle-mobile-disabled=\"false\" class=\"elementor-element elementor-element-709bb10 e-flex e-con-boxed e-con e-parent\" data-id=\"709bb10\" data-element_type=\"container\" data-e-type=\"container\" data-settings=\"{&quot;background_background&quot;:&quot;classic&quot;}\">\n\t\t\t\t\t<div class=\"e-con-inner\">\n\t\t\t\t<div class=\"elementor-element elementor-element-4d015d4 elementor-widget elementor-widget-heading\" data-id=\"4d015d4\" data-element_type=\"widget\" data-e-type=\"widget\" data-widget_type=\"heading.default\">\n\t\t\t\t<div class=\"elementor-widget-container\">\n\t\t\t\t\t<h2 class=\"elementor-heading-title elementor-size-default\">AVISO LEGAL<\/h2>\t\t\t\t<\/div>\n\t\t\t\t<\/div>\n\t\t\t\t\t<\/div>\n\t\t\t\t<\/div>\n\t\t<div data-particle_enable=\"false\" data-particle-mobile-disabled=\"false\" class=\"elementor-element elementor-element-b1589d1 e-flex e-con-boxed e-con e-parent\" data-id=\"b1589d1\" data-element_type=\"container\" data-e-type=\"container\">\n\t\t\t\t\t<div class=\"e-con-inner\">\n\t\t\t\t<div class=\"elementor-element elementor-element-4b5d311 elementor-widget elementor-widget-text-editor\" data-id=\"4b5d311\" data-element_type=\"widget\" data-e-type=\"widget\" data-widget_type=\"text-editor.default\">\n\t\t\t\t<div class=\"elementor-widget-container\">\n\t\t\t\t\t\t\t\t\t<p>El sitio web y el dominio <span style=\"text-decoration: underline;\" data-mce-style=\"text-decoration: underline;\"><a href=\"https:\/\/www.crec.cat\/es\/\" data-mce-href=\"https:\/\/www.crec.cat\/es\/\">www.crec.cat<\/a><\/span> corresponden a&nbsp; <strong>ASSOCIACI\u00d3 CL\u00daSTER DE RESIDUS DE CATALUNYA<\/strong> con <strong>CIF G-44672087<\/strong>, domiciliada en <strong>Carrer Mil\u00e0 i Fontanals 14, 08012, Barcelona<\/strong>.<\/p>\n<p><strong>PROPIEDAD INTELECTUAL E INDUSTRIAL<br \/><\/strong>Los contenidos de este sitio, incluyendo los textos, im\u00e1genes y dise\u00f1os gr\u00e1ficos,&nbsp; pertenecen a ASSOCIACI\u00d3 CL\u00daSTER DE RESIDUS DE CATALUNYA, a terceros que han autorizado su uso espec\u00edficamente en su sitio web.ASSOCIACI\u00d3 CL\u00daSTER DE RESIDUS DE CATALUNYA <span style=\"font-weight: 400;\" data-mce-style=\"font-weight: 400;\">&nbsp;presenta estos contenidos con fines de informaci\u00f3n y publicidad. ASSOCIACI\u00d3 CL\u00daSTER DE RESIDUS DE CATALUNYA autoriza su utilizaci\u00f3n exclusivamente para difundir sus productos o servicios. Cualquier utilizaci\u00f3n de estos dise\u00f1os, im\u00e1genes o textos deber\u00e1 citar expresamente su pertenencia a ASSOCIACI\u00d3 CL\u00daSTER DE RESIDUS DE CATALUNYA que se reserva el derecho a iniciar las acciones legales oportunas para reparar los da\u00f1os y perjuicios causados \u200b\u200bpor cualquier acto que vulnere sus derechos de propiedad inteligente intelectual o industrial. No se autoriza la utilizaci\u00f3n de los logotipos, dise\u00f1os, marcas u otros signos distintivos de SSOCIACI\u00d3 CL\u00daSTER DE RESIDUS DE CATALUNYA s<\/span><span style=\"font-weight: 400;\" data-mce-style=\"font-weight: 400;\">in autorizaci\u00f3n expresa, previa y por escrito de los respectivos titulares de los derechos.<br \/><\/span><span style=\"font-weight: 400;\" data-mce-style=\"font-weight: 400;\">No se autorizan presentaciones de los contenidos de este sitio en una ventana ajena a https:<\/span>&nbsp;<span style=\"text-decoration: underline;\" data-mce-style=\"text-decoration: underline;\"><a href=\"https:\/\/www.crec.cat\/es\/\" data-mce-href=\"https:\/\/www.crec.cat\/es\/\">https:\/\/www.crec.cat<\/a><\/span><\/p>\n<p><strong>RESPONSABILITAT SOBRE ELS CONTINGUTS<br \/><\/strong>Aunque ASSOCIACI\u00d3 CL\u00daSTER DE RESIDUS DE CATALUNYA <span style=\"font-weight: 400;\" data-mce-style=\"font-weight: 400;\">act\u00faa con la m\u00e1xima diligencia posible, puede darse el caso de que alg\u00fan dato o informaci\u00f3n no est\u00e9 del todo actualizada en el momento que el usuario del sitio web lo consulte.&nbsp; Por eso ASSOCIACI\u00d3 CL\u00daSTER DE RESIDUS DE CATALUNYAno se hace responsable de la informaci\u00f3n que se pueda obtener a trav\u00e9s de enlaces incluidos en el sitio.<\/span><\/p>\n<p><\/p>\n<p><strong>CONDICIONS D\u2019\u00daS<br \/><\/strong><span style=\"font-weight: 400;\" data-mce-style=\"font-weight: 400;\">El uso de este sitio web implica la aceptaci\u00f3n plena de los t\u00e9rminos y condiciones del presente aviso legal. Los posibles conflictos relativos a esta web se regir\u00e1n exclusivamente por el derecho del Estado espa\u00f1ol. Toda persona usuaria del web, independientemente de la jurisdicci\u00f3n territorial desde la que se produzca su acceso, acepta el cumplimiento y respeto de estas cl\u00e1usulas.<\/span><\/p>\n\t\t\t\t\t\t\t\t<\/div>\n\t\t\t\t<\/div>\n\t\t\t\t\t<\/div>\n\t\t\t\t<\/div>\n\t\t\t\t<\/div>\n\t\t","protected":false},"excerpt":{"rendered":"<p>AVISO LEGAL El sitio web y el dominio www.crec.cat corresponden a&nbsp; ASSOCIACI\u00d3 CL\u00daSTER DE RESIDUS DE CATALUNYA con CIF G-44672087, domiciliada en Carrer Mil\u00e0 i Fontanals 14, 08012, Barcelona. PROPIEDAD&hellip;&nbsp;<\/p>\n","protected":false},"author":1,"featured_media":0,"parent":0,"menu_order":0,"comment_status":"closed","ping_status":"closed","template":"elementor_header_footer","meta":{"_acf_changed":false,"neve_meta_sidebar":"","neve_meta_container":"","neve_meta_enable_content_width":"off","neve_meta_content_width":100,"neve_meta_title_alignment":"","neve_meta_author_avatar":"","neve_post_elements_order":"","neve_meta_disable_header":"","neve_meta_disable_footer":"","neve_meta_disable_title":"","footnotes":""},"class_list":["post-4889","page","type-page","status-publish","hentry"],"acf":[],"yoast_head":"<!-- This site is optimized with the Yoast SEO plugin v27.2 - https:\/\/yoast.com\/product\/yoast-seo-wordpress\/ -->\n<title>Aviso legal | CREC<\/title>\n<meta name=\"robots\" content=\"noindex, follow\" \/>\n<meta property=\"og:locale\" content=\"es_ES\" \/>\n<meta property=\"og:type\" content=\"article\" \/>\n<meta property=\"og:title\" content=\"Aviso legal | CREC\" \/>\n<meta property=\"og:description\" content=\"AVISO LEGAL El sitio web y el dominio www.crec.cat corresponden a&nbsp; ASSOCIACI\u00d3 CL\u00daSTER DE RESIDUS DE CATALUNYA con CIF G-44672087, domiciliada en Carrer Mil\u00e0 i Fontanals 14, 08012, Barcelona. PROPIEDAD&hellip;&nbsp;\" \/>\n<meta property=\"og:url\" content=\"https:\/\/www.crec.cat\/avis-legal\/\" \/>\n<meta property=\"og:site_name\" content=\"CREC\" \/>\n<meta property=\"article:modified_time\" content=\"2025-05-07T09:15:46+00:00\" \/>\n<meta property=\"og:image\" content=\"https:\/\/www.crec.cat\/wp-content\/uploads\/2024\/11\/CREC.jpg\" \/>\n\t<meta property=\"og:image:width\" content=\"1280\" \/>\n\t<meta property=\"og:image:height\" content=\"720\" \/>\n\t<meta property=\"og:image:type\" content=\"image\/jpeg\" \/>\n<meta name=\"twitter:card\" content=\"summary_large_image\" \/>\n<meta name=\"twitter:site\" content=\"@clusterresidus\" \/>\n<meta name=\"twitter:label1\" content=\"Tiempo de lectura\" \/>\n\t<meta name=\"twitter:data1\" content=\"2 minutos\" \/>\n<script type=\"application\/ld+json\" class=\"yoast-schema-graph\">{\"@context\":\"https:\/\/schema.org\",\"@graph\":[{\"@type\":\"WebPage\",\"@id\":\"https:\/\/www.crec.cat\/avis-legal\/\",\"url\":\"https:\/\/www.crec.cat\/avis-legal\/\",\"name\":\"Aviso legal | CREC\",\"isPartOf\":{\"@id\":\"https:\/\/www.crec.cat\/#website\"},\"datePublished\":\"2021-04-21T06:42:48+00:00\",\"dateModified\":\"2025-05-07T09:15:46+00:00\",\"breadcrumb\":{\"@id\":\"https:\/\/www.crec.cat\/avis-legal\/#breadcrumb\"},\"inLanguage\":\"es\",\"potentialAction\":[{\"@type\":\"ReadAction\",\"target\":[\"https:\/\/www.crec.cat\/avis-legal\/\"]}]},{\"@type\":\"BreadcrumbList\",\"@id\":\"https:\/\/www.crec.cat\/avis-legal\/#breadcrumb\",\"itemListElement\":[{\"@type\":\"ListItem\",\"position\":1,\"name\":\"Inici\",\"item\":\"https:\/\/www.crec.cat\/es\/\"},{\"@type\":\"ListItem\",\"position\":2,\"name\":\"Aviso legal\"}]},{\"@type\":\"WebSite\",\"@id\":\"https:\/\/www.crec.cat\/#website\",\"url\":\"https:\/\/www.crec.cat\/\",\"name\":\"CREC\",\"description\":\"Impulsem la competitivitat del sector de residus i l&#039;economia circular de Catalunya\",\"publisher\":{\"@id\":\"https:\/\/www.crec.cat\/#organization\"},\"alternateName\":\"Cl\u00faster de Residus de Catalunya\",\"potentialAction\":[{\"@type\":\"SearchAction\",\"target\":{\"@type\":\"EntryPoint\",\"urlTemplate\":\"https:\/\/www.crec.cat\/?s={search_term_string}\"},\"query-input\":{\"@type\":\"PropertyValueSpecification\",\"valueRequired\":true,\"valueName\":\"search_term_string\"}}],\"inLanguage\":\"es\"},{\"@type\":\"Organization\",\"@id\":\"https:\/\/www.crec.cat\/#organization\",\"name\":\"CREC\",\"alternateName\":\"CREC\",\"url\":\"https:\/\/www.crec.cat\/\",\"logo\":{\"@type\":\"ImageObject\",\"inLanguage\":\"es\",\"@id\":\"https:\/\/www.crec.cat\/#\/schema\/logo\/image\/\",\"url\":\"https:\/\/www.crec.cat\/wp-content\/uploads\/2021\/04\/Favicon-CREC.png\",\"contentUrl\":\"https:\/\/www.crec.cat\/wp-content\/uploads\/2021\/04\/Favicon-CREC.png\",\"width\":2134,\"height\":2134,\"caption\":\"CREC\"},\"image\":{\"@id\":\"https:\/\/www.crec.cat\/#\/schema\/logo\/image\/\"},\"sameAs\":[\"https:\/\/x.com\/clusterresidus\",\"https:\/\/www.linkedin.com\/company\/cluster-de-residus-de-catalunya\/\"]}]}<\/script>\n<!-- \/ Yoast SEO plugin. -->","yoast_head_json":{"title":"Aviso legal | CREC","robots":{"index":"noindex","follow":"follow"},"og_locale":"es_ES","og_type":"article","og_title":"Aviso legal | CREC","og_description":"AVISO LEGAL El sitio web y el dominio www.crec.cat corresponden a&nbsp; ASSOCIACI\u00d3 CL\u00daSTER DE RESIDUS DE CATALUNYA con CIF G-44672087, domiciliada en Carrer Mil\u00e0 i Fontanals 14, 08012, Barcelona. PROPIEDAD&hellip;&nbsp;","og_url":"https:\/\/www.crec.cat\/avis-legal\/","og_site_name":"CREC","article_modified_time":"2025-05-07T09:15:46+00:00","og_image":[{"width":1280,"height":720,"url":"https:\/\/www.crec.cat\/wp-content\/uploads\/2024\/11\/CREC.jpg","type":"image\/jpeg"}],"twitter_card":"summary_large_image","twitter_site":"@clusterresidus","twitter_misc":{"Tiempo de lectura":"2 minutos"},"schema":{"@context":"https:\/\/schema.org","@graph":[{"@type":"WebPage","@id":"https:\/\/www.crec.cat\/avis-legal\/","url":"https:\/\/www.crec.cat\/avis-legal\/","name":"Aviso legal | CREC","isPartOf":{"@id":"https:\/\/www.crec.cat\/#website"},"datePublished":"2021-04-21T06:42:48+00:00","dateModified":"2025-05-07T09:15:46+00:00","breadcrumb":{"@id":"https:\/\/www.crec.cat\/avis-legal\/#breadcrumb"},"inLanguage":"es","potentialAction":[{"@type":"ReadAction","target":["https:\/\/www.crec.cat\/avis-legal\/"]}]},{"@type":"BreadcrumbList","@id":"https:\/\/www.crec.cat\/avis-legal\/#breadcrumb","itemListElement":[{"@type":"ListItem","position":1,"name":"Inici","item":"https:\/\/www.crec.cat\/es\/"},{"@type":"ListItem","position":2,"name":"Aviso legal"}]},{"@type":"WebSite","@id":"https:\/\/www.crec.cat\/#website","url":"https:\/\/www.crec.cat\/","name":"CREC","description":"Impulsem la competitivitat del sector de residus i l&#039;economia circular de Catalunya","publisher":{"@id":"https:\/\/www.crec.cat\/#organization"},"alternateName":"Cl\u00faster de Residus de Catalunya","potentialAction":[{"@type":"SearchAction","target":{"@type":"EntryPoint","urlTemplate":"https:\/\/www.crec.cat\/?s={search_term_string}"},"query-input":{"@type":"PropertyValueSpecification","valueRequired":true,"valueName":"search_term_string"}}],"inLanguage":"es"},{"@type":"Organization","@id":"https:\/\/www.crec.cat\/#organization","name":"CREC","alternateName":"CREC","url":"https:\/\/www.crec.cat\/","logo":{"@type":"ImageObject","inLanguage":"es","@id":"https:\/\/www.crec.cat\/#\/schema\/logo\/image\/","url":"https:\/\/www.crec.cat\/wp-content\/uploads\/2021\/04\/Favicon-CREC.png","contentUrl":"https:\/\/www.crec.cat\/wp-content\/uploads\/2021\/04\/Favicon-CREC.png","width":2134,"height":2134,"caption":"CREC"},"image":{"@id":"https:\/\/www.crec.cat\/#\/schema\/logo\/image\/"},"sameAs":["https:\/\/x.com\/clusterresidus","https:\/\/www.linkedin.com\/company\/cluster-de-residus-de-catalunya\/"]}]}},"_links":{"self":[{"href":"https:\/\/www.crec.cat\/es\/wp-json\/wp\/v2\/pages\/4889","targetHints":{"allow":["GET"]}}],"collection":[{"href":"https:\/\/www.crec.cat\/es\/wp-json\/wp\/v2\/pages"}],"about":[{"href":"https:\/\/www.crec.cat\/es\/wp-json\/wp\/v2\/types\/page"}],"author":[{"embeddable":true,"href":"https:\/\/www.crec.cat\/es\/wp-json\/wp\/v2\/users\/1"}],"replies":[{"embeddable":true,"href":"https:\/\/www.crec.cat\/es\/wp-json\/wp\/v2\/comments?post=4889"}],"version-history":[{"count":7,"href":"https:\/\/www.crec.cat\/es\/wp-json\/wp\/v2\/pages\/4889\/revisions"}],"predecessor-version":[{"id":4896,"href":"https:\/\/www.crec.cat\/es\/wp-json\/wp\/v2\/pages\/4889\/revisions\/4896"}],"wp:attachment":[{"href":"https:\/\/www.crec.cat\/es\/wp-json\/wp\/v2\/media?parent=4889"}],"curies":[{"name":"wp","href":"https:\/\/api.w.org\/{rel}","templated":true}]}}