{"id":4885,"date":"2021-04-21T07:39:55","date_gmt":"2021-04-21T05:39:55","guid":{"rendered":"https:\/\/www.crec.cat\/politica-de-privacidad\/"},"modified":"2025-05-07T11:07:10","modified_gmt":"2025-05-07T09:07:10","slug":"politica-de-privacidad","status":"publish","type":"page","link":"https:\/\/www.crec.cat\/es\/politica-de-privacidad\/","title":{"rendered":"Pol\u00edtica de privacidad"},"content":{"rendered":"\t\t<div data-elementor-type=\"wp-page\" data-elementor-id=\"4885\" class=\"elementor elementor-4885 elementor-3\" data-elementor-post-type=\"page\">\n\t\t\t\t<div data-particle_enable=\"false\" data-particle-mobile-disabled=\"false\" class=\"elementor-element elementor-element-06f3025 e-flex e-con-boxed e-con e-parent\" data-id=\"06f3025\" data-element_type=\"container\" data-e-type=\"container\" data-settings=\"{&quot;background_background&quot;:&quot;classic&quot;}\">\n\t\t\t\t\t<div class=\"e-con-inner\">\n\t\t\t\t<div class=\"elementor-element elementor-element-01d58be elementor-widget elementor-widget-heading\" data-id=\"01d58be\" data-element_type=\"widget\" data-e-type=\"widget\" data-widget_type=\"heading.default\">\n\t\t\t\t<div class=\"elementor-widget-container\">\n\t\t\t\t\t<h2 class=\"elementor-heading-title elementor-size-default\">POL\u00cdTICA DE PRIVACIDAD<\/h2>\t\t\t\t<\/div>\n\t\t\t\t<\/div>\n\t\t\t\t\t<\/div>\n\t\t\t\t<\/div>\n\t\t<div data-particle_enable=\"false\" data-particle-mobile-disabled=\"false\" class=\"elementor-element elementor-element-d6293d1 e-flex e-con-boxed e-con e-parent\" data-id=\"d6293d1\" data-element_type=\"container\" data-e-type=\"container\">\n\t\t\t\t\t<div class=\"e-con-inner\">\n\t\t\t\t<div class=\"elementor-element elementor-element-20e2995 elementor-widget elementor-widget-text-editor\" data-id=\"20e2995\" data-element_type=\"widget\" data-e-type=\"widget\" data-widget_type=\"text-editor.default\">\n\t\t\t\t<div class=\"elementor-widget-container\">\n\t\t\t\t\t\t\t\t\t<p>Reglamento General de Protecci\u00f3n de Datos (RGDP) \u2013 Diciembre de 2018.<\/p>\n<p><span style=\"font-weight: 400;\" data-mce-style=\"font-weight: 400;\">Le informamos que los datos personales de nuestros clientes ser\u00e1n tratados de conformidad con la legislaci\u00f3n vigente en materia de protecci\u00f3n de datos personales, la privacidad de los usuarios y el secreto y seguridad de los datos personales, de conformidad con lo establecido en Ley Org\u00e1nica 3\/2018, de 5 de diciembre, de Protecci\u00f3n de Datos Personales y garant\u00eda de los derechos digitales (LOPD-GDD) y en el Reglamento (UE) 2016\/679 del Parlamento Europeo y del Consejo de 27 de abril de 2016 relativo a la protecci\u00f3n de las personas f\u00edsicas en lo que respecta al tratamiento de datos personales (RGPD).<\/span><\/p>\n<p><span style=\"font-weight: 400;\" data-mce-style=\"font-weight: 400;\">A fin de cumplir con el mencionado Reglamento, hemos actualizado nuestra Pol\u00edtica de Privacidad:<\/span><\/p>\n<p><strong>Responsable: ASSOCIACI\u00d3 CL\u00daSTER DE RESIDUS DE CATALUNYA con NIF G-44672087<\/strong><\/p>\n<p><strong>Finalidad del tratamiento:<\/strong><br \/><span style=\"font-weight: 400;\" data-mce-style=\"font-weight: 400;\">Tratamos la informaci\u00f3n que nos facilita con el fin de prestarles el servicio solicitado y enviarles comunicaciones relativas al contenido de nuestros productos y servicios.<\/span><\/p>\n<ul>\n<li><strong>P<\/strong><span style=\"font-weight: 400;\" data-mce-style=\"font-weight: 400;\"><strong>rocedencia y categor\u00eda de datos tratados:<\/strong> los datos personales que trataremos son sus datos identificativos que usted nos facilite a trav\u00e9s del formulario de registro que encontrar\u00e1 en nuestro sitio web.<\/span><\/li>\n<li><span style=\"font-weight: 400;\" data-mce-style=\"font-weight: 400;\"><strong>&nbsp;Tiempo de conservaci\u00f3n:<\/strong> los datos proporcionados se conservar\u00e1n mientras se mantenga la relaci\u00f3n comercial o durante los a\u00f1os necesarios para cumplir con las obligaciones legales.<\/span><\/li>\n<li><strong>Legitimaci\u00f3n:<\/strong> T<span style=\"font-weight: 400;\" data-mce-style=\"font-weight: 400;\">ratamos sus datos s\u00f3lo si contamos con su consentimiento expreso e informado para hacerlo, y siempre conforme a las finalidades descritas<\/span><\/li>\n<li><strong>Destinatarios: <\/strong>L<span style=\"font-weight: 400;\" data-mce-style=\"font-weight: 400;\">os datos que usted nos facilite no se ceder\u00e1n a terceros salvo en los casos en que exista una obligaci\u00f3n legal.<\/span><\/li>\n<\/ul>\n<p><span style=\"font-weight: 400;\" data-mce-style=\"font-weight: 400;\">Si bien, para llevar a cabo determinadas funciones necesarias para la prestaci\u00f3n del servicio, sus datos pueden ser tratados por terceros que actuar\u00e1n como encargados de tratamiento y que estar\u00e1n obligados contractualmente a cumplir con sus obligaciones legales de encargado de tratamiento, a mantener la confidencialidad y secreto de la informaci\u00f3n.<\/span><\/p>\n<p><strong>Derechos:<br \/><\/strong><span style=\"font-weight: 400;\" data-mce-style=\"font-weight: 400;\">Usted es titular de los siguientes derechos sobre sus datos de car\u00e1cter personal:<\/span><\/p>\n<p><span style=\"font-weight: 400;\" data-mce-style=\"font-weight: 400;\">Derecho a solicitar el acceso a los datos personales.<\/span><\/p>\n<ul>\n<li>Dret a sol\u00b7licitar l\u2019acc\u00e9s a les dades personals.<\/li>\n<li><span style=\"font-weight: 400;\" data-mce-style=\"font-weight: 400;\">Derecho a solicitar la limitaci\u00f3n u oposici\u00f3n de su tratamiento.<\/span><\/li>\n<li>\n<p><span style=\"font-weight: 400;\" data-mce-style=\"font-weight: 400;\">Revocaci\u00f3n del consentimiento prestado.<\/span><\/p>\n<\/li>\n<li>\n<p><span style=\"font-weight: 400;\" data-mce-style=\"font-weight: 400;\">Derecho a la portabilidad de sus datos<\/span><\/p>\n<\/li>\n<li>Dret a sol\u00b7licitar la seva rectificaci\u00f3 o supressi\u00f3.<\/li>\n<li>Dret a sol\u00b7licitar la limitaci\u00f3 o oposici\u00f3 del seu tractament.<\/li>\n<li>Revocaci\u00f3 del consentiment prestat.<\/li>\n<li>Dret a la portabilitat de les seves dades.<\/li>\n<\/ul>\n<p><span style=\"font-weight: 400;\" data-mce-style=\"font-weight: 400;\">Para el ejercicio de los derechos deber\u00e1 dirigirnos una comunicaci\u00f3n escrita a trav\u00e9s de correo electr\u00f3nico a la direcci\u00f3n<\/span> <span style=\"text-decoration: underline;\" data-mce-style=\"text-decoration: underline;\"><a href=\"mailto:info@clusterresidus.cat\" target=\"_blank\" rel=\"noopener\" data-mce-href=\"mailto:info@clusterresidus.cat\"><span style=\"font-weight: 400;\" data-mce-style=\"font-weight: 400;\">info@clusterresidus.cat <\/span><\/a><\/span><span style=\"font-weight: 400;\" data-mce-style=\"font-weight: 400;\">especificando el derecho que desea ejercitar.<\/span><\/p>\n<p><span style=\"font-weight: 400;\" data-mce-style=\"font-weight: 400;\">Asimismo, le informamos que puede usted solicitar la tutela de sus derechos ante la Agencia Espa\u00f1ola de Protecci\u00f3n de Datos con sede en la Calle de Jorge Juan, 6, 28001 Madrid.<\/span><\/p>\n\t\t\t\t\t\t\t\t<\/div>\n\t\t\t\t<\/div>\n\t\t\t\t\t<\/div>\n\t\t\t\t<\/div>\n\t\t\t\t<\/div>\n\t\t","protected":false},"excerpt":{"rendered":"<p>POL\u00cdTICA DE PRIVACIDAD Reglamento General de Protecci\u00f3n de Datos (RGDP) \u2013 Diciembre de 2018. Le informamos que los datos personales de nuestros clientes ser\u00e1n tratados de conformidad con la legislaci\u00f3n&hellip;&nbsp;<\/p>\n","protected":false},"author":1,"featured_media":0,"parent":0,"menu_order":0,"comment_status":"closed","ping_status":"closed","template":"elementor_header_footer","meta":{"_acf_changed":false,"neve_meta_sidebar":"","neve_meta_container":"","neve_meta_enable_content_width":"off","neve_meta_content_width":100,"neve_meta_title_alignment":"","neve_meta_author_avatar":"","neve_post_elements_order":"","neve_meta_disable_header":"","neve_meta_disable_footer":"","neve_meta_disable_title":"","footnotes":""},"class_list":["post-4885","page","type-page","status-publish","hentry"],"acf":[],"yoast_head":"<!-- This site is optimized with the Yoast SEO plugin v27.2 - https:\/\/yoast.com\/product\/yoast-seo-wordpress\/ -->\n<title>Pol\u00edtica de privacidad | CREC<\/title>\n<meta name=\"robots\" content=\"noindex, follow\" \/>\n<meta property=\"og:locale\" content=\"es_ES\" \/>\n<meta property=\"og:type\" content=\"article\" \/>\n<meta property=\"og:title\" content=\"Pol\u00edtica de privacidad | CREC\" \/>\n<meta property=\"og:description\" content=\"POL\u00cdTICA DE PRIVACIDAD Reglamento General de Protecci\u00f3n de Datos (RGDP) \u2013 Diciembre de 2018. Le informamos que los datos personales de nuestros clientes ser\u00e1n tratados de conformidad con la legislaci\u00f3n&hellip;&nbsp;\" \/>\n<meta property=\"og:url\" content=\"https:\/\/www.crec.cat\/politica-de-privacitat\/\" \/>\n<meta property=\"og:site_name\" content=\"CREC\" \/>\n<meta property=\"article:modified_time\" content=\"2025-05-07T09:07:10+00:00\" \/>\n<meta property=\"og:image\" content=\"https:\/\/www.crec.cat\/wp-content\/uploads\/2024\/11\/CREC.jpg\" \/>\n\t<meta property=\"og:image:width\" content=\"1280\" \/>\n\t<meta property=\"og:image:height\" content=\"720\" \/>\n\t<meta property=\"og:image:type\" content=\"image\/jpeg\" \/>\n<meta name=\"twitter:card\" content=\"summary_large_image\" \/>\n<meta name=\"twitter:site\" content=\"@clusterresidus\" \/>\n<meta name=\"twitter:label1\" content=\"Tiempo de lectura\" \/>\n\t<meta name=\"twitter:data1\" content=\"2 minutos\" \/>\n<script type=\"application\/ld+json\" class=\"yoast-schema-graph\">{\"@context\":\"https:\/\/schema.org\",\"@graph\":[{\"@type\":\"WebPage\",\"@id\":\"https:\/\/www.crec.cat\/politica-de-privacitat\/\",\"url\":\"https:\/\/www.crec.cat\/politica-de-privacitat\/\",\"name\":\"Pol\u00edtica de privacidad | CREC\",\"isPartOf\":{\"@id\":\"https:\/\/www.crec.cat\/#website\"},\"datePublished\":\"2021-04-21T05:39:55+00:00\",\"dateModified\":\"2025-05-07T09:07:10+00:00\",\"breadcrumb\":{\"@id\":\"https:\/\/www.crec.cat\/politica-de-privacitat\/#breadcrumb\"},\"inLanguage\":\"es\",\"potentialAction\":[{\"@type\":\"ReadAction\",\"target\":[\"https:\/\/www.crec.cat\/politica-de-privacitat\/\"]}]},{\"@type\":\"BreadcrumbList\",\"@id\":\"https:\/\/www.crec.cat\/politica-de-privacitat\/#breadcrumb\",\"itemListElement\":[{\"@type\":\"ListItem\",\"position\":1,\"name\":\"Inici\",\"item\":\"https:\/\/www.crec.cat\/es\/\"},{\"@type\":\"ListItem\",\"position\":2,\"name\":\"Pol\u00edtica de privacidad\"}]},{\"@type\":\"WebSite\",\"@id\":\"https:\/\/www.crec.cat\/#website\",\"url\":\"https:\/\/www.crec.cat\/\",\"name\":\"CREC\",\"description\":\"Impulsem la competitivitat del sector de residus i l&#039;economia circular de Catalunya\",\"publisher\":{\"@id\":\"https:\/\/www.crec.cat\/#organization\"},\"alternateName\":\"Cl\u00faster de Residus de Catalunya\",\"potentialAction\":[{\"@type\":\"SearchAction\",\"target\":{\"@type\":\"EntryPoint\",\"urlTemplate\":\"https:\/\/www.crec.cat\/?s={search_term_string}\"},\"query-input\":{\"@type\":\"PropertyValueSpecification\",\"valueRequired\":true,\"valueName\":\"search_term_string\"}}],\"inLanguage\":\"es\"},{\"@type\":\"Organization\",\"@id\":\"https:\/\/www.crec.cat\/#organization\",\"name\":\"CREC\",\"alternateName\":\"CREC\",\"url\":\"https:\/\/www.crec.cat\/\",\"logo\":{\"@type\":\"ImageObject\",\"inLanguage\":\"es\",\"@id\":\"https:\/\/www.crec.cat\/#\/schema\/logo\/image\/\",\"url\":\"https:\/\/www.crec.cat\/wp-content\/uploads\/2021\/04\/Favicon-CREC.png\",\"contentUrl\":\"https:\/\/www.crec.cat\/wp-content\/uploads\/2021\/04\/Favicon-CREC.png\",\"width\":2134,\"height\":2134,\"caption\":\"CREC\"},\"image\":{\"@id\":\"https:\/\/www.crec.cat\/#\/schema\/logo\/image\/\"},\"sameAs\":[\"https:\/\/x.com\/clusterresidus\",\"https:\/\/www.linkedin.com\/company\/cluster-de-residus-de-catalunya\/\"]}]}<\/script>\n<!-- \/ Yoast SEO plugin. -->","yoast_head_json":{"title":"Pol\u00edtica de privacidad | CREC","robots":{"index":"noindex","follow":"follow"},"og_locale":"es_ES","og_type":"article","og_title":"Pol\u00edtica de privacidad | CREC","og_description":"POL\u00cdTICA DE PRIVACIDAD Reglamento General de Protecci\u00f3n de Datos (RGDP) \u2013 Diciembre de 2018. Le informamos que los datos personales de nuestros clientes ser\u00e1n tratados de conformidad con la legislaci\u00f3n&hellip;&nbsp;","og_url":"https:\/\/www.crec.cat\/politica-de-privacitat\/","og_site_name":"CREC","article_modified_time":"2025-05-07T09:07:10+00:00","og_image":[{"width":1280,"height":720,"url":"https:\/\/www.crec.cat\/wp-content\/uploads\/2024\/11\/CREC.jpg","type":"image\/jpeg"}],"twitter_card":"summary_large_image","twitter_site":"@clusterresidus","twitter_misc":{"Tiempo de lectura":"2 minutos"},"schema":{"@context":"https:\/\/schema.org","@graph":[{"@type":"WebPage","@id":"https:\/\/www.crec.cat\/politica-de-privacitat\/","url":"https:\/\/www.crec.cat\/politica-de-privacitat\/","name":"Pol\u00edtica de privacidad | CREC","isPartOf":{"@id":"https:\/\/www.crec.cat\/#website"},"datePublished":"2021-04-21T05:39:55+00:00","dateModified":"2025-05-07T09:07:10+00:00","breadcrumb":{"@id":"https:\/\/www.crec.cat\/politica-de-privacitat\/#breadcrumb"},"inLanguage":"es","potentialAction":[{"@type":"ReadAction","target":["https:\/\/www.crec.cat\/politica-de-privacitat\/"]}]},{"@type":"BreadcrumbList","@id":"https:\/\/www.crec.cat\/politica-de-privacitat\/#breadcrumb","itemListElement":[{"@type":"ListItem","position":1,"name":"Inici","item":"https:\/\/www.crec.cat\/es\/"},{"@type":"ListItem","position":2,"name":"Pol\u00edtica de privacidad"}]},{"@type":"WebSite","@id":"https:\/\/www.crec.cat\/#website","url":"https:\/\/www.crec.cat\/","name":"CREC","description":"Impulsem la competitivitat del sector de residus i l&#039;economia circular de Catalunya","publisher":{"@id":"https:\/\/www.crec.cat\/#organization"},"alternateName":"Cl\u00faster de Residus de Catalunya","potentialAction":[{"@type":"SearchAction","target":{"@type":"EntryPoint","urlTemplate":"https:\/\/www.crec.cat\/?s={search_term_string}"},"query-input":{"@type":"PropertyValueSpecification","valueRequired":true,"valueName":"search_term_string"}}],"inLanguage":"es"},{"@type":"Organization","@id":"https:\/\/www.crec.cat\/#organization","name":"CREC","alternateName":"CREC","url":"https:\/\/www.crec.cat\/","logo":{"@type":"ImageObject","inLanguage":"es","@id":"https:\/\/www.crec.cat\/#\/schema\/logo\/image\/","url":"https:\/\/www.crec.cat\/wp-content\/uploads\/2021\/04\/Favicon-CREC.png","contentUrl":"https:\/\/www.crec.cat\/wp-content\/uploads\/2021\/04\/Favicon-CREC.png","width":2134,"height":2134,"caption":"CREC"},"image":{"@id":"https:\/\/www.crec.cat\/#\/schema\/logo\/image\/"},"sameAs":["https:\/\/x.com\/clusterresidus","https:\/\/www.linkedin.com\/company\/cluster-de-residus-de-catalunya\/"]}]}},"_links":{"self":[{"href":"https:\/\/www.crec.cat\/es\/wp-json\/wp\/v2\/pages\/4885","targetHints":{"allow":["GET"]}}],"collection":[{"href":"https:\/\/www.crec.cat\/es\/wp-json\/wp\/v2\/pages"}],"about":[{"href":"https:\/\/www.crec.cat\/es\/wp-json\/wp\/v2\/types\/page"}],"author":[{"embeddable":true,"href":"https:\/\/www.crec.cat\/es\/wp-json\/wp\/v2\/users\/1"}],"replies":[{"embeddable":true,"href":"https:\/\/www.crec.cat\/es\/wp-json\/wp\/v2\/comments?post=4885"}],"version-history":[{"count":3,"href":"https:\/\/www.crec.cat\/es\/wp-json\/wp\/v2\/pages\/4885\/revisions"}],"predecessor-version":[{"id":4888,"href":"https:\/\/www.crec.cat\/es\/wp-json\/wp\/v2\/pages\/4885\/revisions\/4888"}],"wp:attachment":[{"href":"https:\/\/www.crec.cat\/es\/wp-json\/wp\/v2\/media?parent=4885"}],"curies":[{"name":"wp","href":"https:\/\/api.w.org\/{rel}","templated":true}]}}