{"id":3594,"date":"2021-04-21T08:42:48","date_gmt":"2021-04-21T06:42:48","guid":{"rendered":"https:\/\/www.crec.cat\/legal-note\/"},"modified":"2024-11-20T13:40:43","modified_gmt":"2024-11-20T12:40:43","slug":"legal-note","status":"publish","type":"page","link":"https:\/\/www.crec.cat\/en\/legal-note\/","title":{"rendered":"Legal note"},"content":{"rendered":"\t\t<div data-elementor-type=\"wp-page\" data-elementor-id=\"3594\" class=\"elementor elementor-3594 elementor-56\" data-elementor-post-type=\"page\">\n\t\t\t\t<div data-particle_enable=\"false\" data-particle-mobile-disabled=\"false\" class=\"elementor-element elementor-element-709bb10 e-flex e-con-boxed e-con e-parent\" data-id=\"709bb10\" data-element_type=\"container\" data-e-type=\"container\" data-settings=\"{&quot;background_background&quot;:&quot;classic&quot;}\">\n\t\t\t\t\t<div class=\"e-con-inner\">\n\t\t\t\t<div class=\"elementor-element elementor-element-4d015d4 elementor-widget elementor-widget-heading\" data-id=\"4d015d4\" data-element_type=\"widget\" data-e-type=\"widget\" data-widget_type=\"heading.default\">\n\t\t\t\t<div class=\"elementor-widget-container\">\n\t\t\t\t\t<h2 class=\"elementor-heading-title elementor-size-default\">LEGAL NOTE<\/h2>\t\t\t\t<\/div>\n\t\t\t\t<\/div>\n\t\t\t\t\t<\/div>\n\t\t\t\t<\/div>\n\t\t<div data-particle_enable=\"false\" data-particle-mobile-disabled=\"false\" class=\"elementor-element elementor-element-b1589d1 e-flex e-con-boxed e-con e-parent\" data-id=\"b1589d1\" data-element_type=\"container\" data-e-type=\"container\">\n\t\t\t\t\t<div class=\"e-con-inner\">\n\t\t\t\t<div class=\"elementor-element elementor-element-4b5d311 elementor-widget elementor-widget-text-editor\" data-id=\"4b5d311\" data-element_type=\"widget\" data-e-type=\"widget\" data-widget_type=\"text-editor.default\">\n\t\t\t\t<div class=\"elementor-widget-container\">\n\t\t\t\t\t\t\t\t\t<p>The website and domain <span style=\"text-decoration: underline;\"><a href=\"https:\/\/www.crec.cat\/en\/\">www.crec.cat<\/a><\/span>\u00a0are owned by <strong>ASSOCIACI\u00d3 CL\u00daSTER DE RESIDUS DE CATALUNYA<\/strong> with Company Tax Number <strong>G-44672087<\/strong>, located in <strong>Carrer Mil\u00e0 i Fontanals 14, 08012, Barcelona<\/strong>.<\/p>\n<p><strong>INTELLECTUAL AND INDUSTRIAL PROPERTY<br \/>\n<\/strong>The contents of this site, including texts, images and graphic designs, belong to ASSOCIACI\u00d3 CL\u00daSTER DE RESIDUS DE CATALUNYA, or to third parties that have specifically authorized its use on its website. ASSOCIACI\u00d3 CL\u00daSTER DE RESIDUS DE CATALUNYAoffers these contents for information and publicity purposes. ASSOCIACI\u00d3 CL\u00daSTER DE RESIDUS DE CATALUNYAauthorizes its use exclusively for disseminating its products or services. Any use of these designs, images or texts must expressly mention that they are owned by ASSOCIACI\u00d3 CL\u00daSTER DE RESIDUS DE CATALUNYA, who reserves the right to initiate the appropriate legal action to file for the damages caused by any action that violates their intellectual or industrial property rights. The use of logos, designs, trademarks or other distinctive signs belonging to ASSOCIACI\u00d3 CL\u00daSTER DE RESIDUS DE CATALUNYAor clients of ASSOCIACI\u00d3 CL\u00daSTER DE RESIDUS DE CATALUNYAis not authorized without having received express prior written authorization from the respective rights holders.<br \/>\nPresentations of the contents of this site are not authorized in a window outside of <span style=\"text-decoration: underline;\"><a href=\"https:\/\/www.crec.cat\/en\/\">www.crec.cat<\/a><\/span><\/p>\n<p><strong>LIABILITY FOR CONTENT<br \/>\n<\/strong>Although ASSOCIACI\u00d3 CL\u00daSTER DE RESIDUS DE CATALUNYA acts with the maximum possible diligence, it may be the case that some data or information has not been completely updated at the time that the user consults the website. For this reason, ASSOCIACI\u00d3 CL\u00daSTER DE RESIDUS DE CATALUNYA states that the product references and prices that are shown on its website are for purposes of guidance and do not bind ASSOCIACI\u00d3 CL\u00daSTER DE RESIDUS DE CATALUNYA until the express confirmation of an order.<\/p>\n<p><strong>CONDITIONS OF USE<br \/>\n<\/strong>The use of this website implies the full acceptance without any reservations of the terms and conditions set out in this legal notice. Possible conflicts relative to this website will be determined exclusively by the laws of Spain. Users of the website, independently of the territorial jurisdiction from which they access it, comply with and respect this clause, expressly waiving any jurisdiction of their own.<\/p>\n\t\t\t\t\t\t\t\t<\/div>\n\t\t\t\t<\/div>\n\t\t\t\t\t<\/div>\n\t\t\t\t<\/div>\n\t\t\t\t<\/div>\n\t\t","protected":false},"excerpt":{"rendered":"<p>LEGAL NOTE The website and domain www.crec.cat\u00a0are owned by ASSOCIACI\u00d3 CL\u00daSTER DE RESIDUS DE CATALUNYA with Company Tax Number G-44672087, located in Carrer Mil\u00e0 i Fontanals 14, 08012, Barcelona. INTELLECTUAL&hellip;&nbsp;<\/p>\n","protected":false},"author":1,"featured_media":0,"parent":0,"menu_order":0,"comment_status":"closed","ping_status":"closed","template":"elementor_header_footer","meta":{"_acf_changed":false,"neve_meta_sidebar":"","neve_meta_container":"","neve_meta_enable_content_width":"off","neve_meta_content_width":100,"neve_meta_title_alignment":"","neve_meta_author_avatar":"","neve_post_elements_order":"","neve_meta_disable_header":"","neve_meta_disable_footer":"","neve_meta_disable_title":"","footnotes":""},"class_list":["post-3594","page","type-page","status-publish","hentry"],"acf":[],"yoast_head":"<!-- This site is optimized with the Yoast SEO plugin v27.2 - https:\/\/yoast.com\/product\/yoast-seo-wordpress\/ -->\n<title>Legal note | CREC<\/title>\n<meta name=\"robots\" content=\"noindex, follow\" \/>\n<meta property=\"og:locale\" content=\"en_US\" \/>\n<meta property=\"og:type\" content=\"article\" \/>\n<meta property=\"og:title\" content=\"Legal note | CREC\" \/>\n<meta property=\"og:description\" content=\"LEGAL NOTE The website and domain www.crec.cat\u00a0are owned by ASSOCIACI\u00d3 CL\u00daSTER DE RESIDUS DE CATALUNYA with Company Tax Number G-44672087, located in Carrer Mil\u00e0 i Fontanals 14, 08012, Barcelona. INTELLECTUAL&hellip;&nbsp;\" \/>\n<meta property=\"og:url\" content=\"https:\/\/www.crec.cat\/avis-legal\/\" \/>\n<meta property=\"og:site_name\" content=\"CREC\" \/>\n<meta property=\"article:modified_time\" content=\"2024-11-20T12:40:43+00:00\" \/>\n<meta property=\"og:image\" content=\"https:\/\/www.crec.cat\/wp-content\/uploads\/2024\/11\/CREC.jpg\" \/>\n\t<meta property=\"og:image:width\" content=\"1280\" \/>\n\t<meta property=\"og:image:height\" content=\"720\" \/>\n\t<meta property=\"og:image:type\" content=\"image\/jpeg\" \/>\n<meta name=\"twitter:card\" content=\"summary_large_image\" \/>\n<meta name=\"twitter:site\" content=\"@clusterresidus\" \/>\n<meta name=\"twitter:label1\" content=\"Est. reading time\" \/>\n\t<meta name=\"twitter:data1\" content=\"2 minutes\" \/>\n<script type=\"application\/ld+json\" class=\"yoast-schema-graph\">{\"@context\":\"https:\/\/schema.org\",\"@graph\":[{\"@type\":\"WebPage\",\"@id\":\"https:\/\/www.crec.cat\/avis-legal\/\",\"url\":\"https:\/\/www.crec.cat\/avis-legal\/\",\"name\":\"Legal note | CREC\",\"isPartOf\":{\"@id\":\"https:\/\/www.crec.cat\/#website\"},\"datePublished\":\"2021-04-21T06:42:48+00:00\",\"dateModified\":\"2024-11-20T12:40:43+00:00\",\"breadcrumb\":{\"@id\":\"https:\/\/www.crec.cat\/avis-legal\/#breadcrumb\"},\"inLanguage\":\"en-US\",\"potentialAction\":[{\"@type\":\"ReadAction\",\"target\":[\"https:\/\/www.crec.cat\/avis-legal\/\"]}]},{\"@type\":\"BreadcrumbList\",\"@id\":\"https:\/\/www.crec.cat\/avis-legal\/#breadcrumb\",\"itemListElement\":[{\"@type\":\"ListItem\",\"position\":1,\"name\":\"Inici\",\"item\":\"https:\/\/www.crec.cat\/\"},{\"@type\":\"ListItem\",\"position\":2,\"name\":\"Legal note\"}]},{\"@type\":\"WebSite\",\"@id\":\"https:\/\/www.crec.cat\/#website\",\"url\":\"https:\/\/www.crec.cat\/\",\"name\":\"CREC\",\"description\":\"Impulsem la competitivitat del sector de residus i l&#039;economia circular de Catalunya\",\"publisher\":{\"@id\":\"https:\/\/www.crec.cat\/#organization\"},\"alternateName\":\"Cl\u00faster de Residus de Catalunya\",\"potentialAction\":[{\"@type\":\"SearchAction\",\"target\":{\"@type\":\"EntryPoint\",\"urlTemplate\":\"https:\/\/www.crec.cat\/?s={search_term_string}\"},\"query-input\":{\"@type\":\"PropertyValueSpecification\",\"valueRequired\":true,\"valueName\":\"search_term_string\"}}],\"inLanguage\":\"en-US\"},{\"@type\":\"Organization\",\"@id\":\"https:\/\/www.crec.cat\/#organization\",\"name\":\"CREC\",\"alternateName\":\"CREC\",\"url\":\"https:\/\/www.crec.cat\/\",\"logo\":{\"@type\":\"ImageObject\",\"inLanguage\":\"en-US\",\"@id\":\"https:\/\/www.crec.cat\/#\/schema\/logo\/image\/\",\"url\":\"https:\/\/www.crec.cat\/wp-content\/uploads\/2021\/04\/Favicon-CREC.png\",\"contentUrl\":\"https:\/\/www.crec.cat\/wp-content\/uploads\/2021\/04\/Favicon-CREC.png\",\"width\":2134,\"height\":2134,\"caption\":\"CREC\"},\"image\":{\"@id\":\"https:\/\/www.crec.cat\/#\/schema\/logo\/image\/\"},\"sameAs\":[\"https:\/\/x.com\/clusterresidus\",\"https:\/\/www.linkedin.com\/company\/cluster-de-residus-de-catalunya\/\"]}]}<\/script>\n<!-- \/ Yoast SEO plugin. -->","yoast_head_json":{"title":"Legal note | CREC","robots":{"index":"noindex","follow":"follow"},"og_locale":"en_US","og_type":"article","og_title":"Legal note | CREC","og_description":"LEGAL NOTE The website and domain www.crec.cat\u00a0are owned by ASSOCIACI\u00d3 CL\u00daSTER DE RESIDUS DE CATALUNYA with Company Tax Number G-44672087, located in Carrer Mil\u00e0 i Fontanals 14, 08012, Barcelona. INTELLECTUAL&hellip;&nbsp;","og_url":"https:\/\/www.crec.cat\/avis-legal\/","og_site_name":"CREC","article_modified_time":"2024-11-20T12:40:43+00:00","og_image":[{"width":1280,"height":720,"url":"https:\/\/www.crec.cat\/wp-content\/uploads\/2024\/11\/CREC.jpg","type":"image\/jpeg"}],"twitter_card":"summary_large_image","twitter_site":"@clusterresidus","twitter_misc":{"Est. reading time":"2 minutes"},"schema":{"@context":"https:\/\/schema.org","@graph":[{"@type":"WebPage","@id":"https:\/\/www.crec.cat\/avis-legal\/","url":"https:\/\/www.crec.cat\/avis-legal\/","name":"Legal note | CREC","isPartOf":{"@id":"https:\/\/www.crec.cat\/#website"},"datePublished":"2021-04-21T06:42:48+00:00","dateModified":"2024-11-20T12:40:43+00:00","breadcrumb":{"@id":"https:\/\/www.crec.cat\/avis-legal\/#breadcrumb"},"inLanguage":"en-US","potentialAction":[{"@type":"ReadAction","target":["https:\/\/www.crec.cat\/avis-legal\/"]}]},{"@type":"BreadcrumbList","@id":"https:\/\/www.crec.cat\/avis-legal\/#breadcrumb","itemListElement":[{"@type":"ListItem","position":1,"name":"Inici","item":"https:\/\/www.crec.cat\/"},{"@type":"ListItem","position":2,"name":"Legal note"}]},{"@type":"WebSite","@id":"https:\/\/www.crec.cat\/#website","url":"https:\/\/www.crec.cat\/","name":"CREC","description":"Impulsem la competitivitat del sector de residus i l&#039;economia circular de Catalunya","publisher":{"@id":"https:\/\/www.crec.cat\/#organization"},"alternateName":"Cl\u00faster de Residus de Catalunya","potentialAction":[{"@type":"SearchAction","target":{"@type":"EntryPoint","urlTemplate":"https:\/\/www.crec.cat\/?s={search_term_string}"},"query-input":{"@type":"PropertyValueSpecification","valueRequired":true,"valueName":"search_term_string"}}],"inLanguage":"en-US"},{"@type":"Organization","@id":"https:\/\/www.crec.cat\/#organization","name":"CREC","alternateName":"CREC","url":"https:\/\/www.crec.cat\/","logo":{"@type":"ImageObject","inLanguage":"en-US","@id":"https:\/\/www.crec.cat\/#\/schema\/logo\/image\/","url":"https:\/\/www.crec.cat\/wp-content\/uploads\/2021\/04\/Favicon-CREC.png","contentUrl":"https:\/\/www.crec.cat\/wp-content\/uploads\/2021\/04\/Favicon-CREC.png","width":2134,"height":2134,"caption":"CREC"},"image":{"@id":"https:\/\/www.crec.cat\/#\/schema\/logo\/image\/"},"sameAs":["https:\/\/x.com\/clusterresidus","https:\/\/www.linkedin.com\/company\/cluster-de-residus-de-catalunya\/"]}]}},"_links":{"self":[{"href":"https:\/\/www.crec.cat\/en\/wp-json\/wp\/v2\/pages\/3594","targetHints":{"allow":["GET"]}}],"collection":[{"href":"https:\/\/www.crec.cat\/en\/wp-json\/wp\/v2\/pages"}],"about":[{"href":"https:\/\/www.crec.cat\/en\/wp-json\/wp\/v2\/types\/page"}],"author":[{"embeddable":true,"href":"https:\/\/www.crec.cat\/en\/wp-json\/wp\/v2\/users\/1"}],"replies":[{"embeddable":true,"href":"https:\/\/www.crec.cat\/en\/wp-json\/wp\/v2\/comments?post=3594"}],"version-history":[{"count":3,"href":"https:\/\/www.crec.cat\/en\/wp-json\/wp\/v2\/pages\/3594\/revisions"}],"predecessor-version":[{"id":3788,"href":"https:\/\/www.crec.cat\/en\/wp-json\/wp\/v2\/pages\/3594\/revisions\/3788"}],"wp:attachment":[{"href":"https:\/\/www.crec.cat\/en\/wp-json\/wp\/v2\/media?parent=3594"}],"curies":[{"name":"wp","href":"https:\/\/api.w.org\/{rel}","templated":true}]}}